{"id":25324,"date":"2023-02-14T00:02:09","date_gmt":"2023-02-14T00:02:09","guid":{"rendered":"https:\/\/academy.gestioo.com\/medicina\/?page_id=25324"},"modified":"2023-02-14T14:14:07","modified_gmt":"2023-02-14T14:14:07","slug":"cursos","status":"publish","type":"page","link":"https:\/\/academy.gestioo.com\/medicina\/cursos\/","title":{"rendered":"Cursos"},"content":{"rendered":"\t\t<div data-elementor-type=\"wp-page\" data-elementor-id=\"25324\" class=\"elementor elementor-25324\" data-elementor-post-type=\"page\">\n\t\t\t\t\t\t<section class=\"elementor-section elementor-top-section elementor-element elementor-element-e15bb31 elementor-section-boxed elementor-section-height-default elementor-section-height-default\" data-id=\"e15bb31\" data-element_type=\"section\">\n\t\t\t\t\t\t<div class=\"elementor-container elementor-column-gap-default\">\n\t\t\t\t\t<div class=\"elementor-column elementor-col-100 elementor-top-column elementor-element elementor-element-ea9bf1a\" data-id=\"ea9bf1a\" data-element_type=\"column\">\n\t\t\t<div class=\"elementor-widget-wrap elementor-element-populated\">\n\t\t\t\t\t\t<div class=\"elementor-element elementor-element-6be254a elementor-widget elementor-widget-heading\" data-id=\"6be254a\" data-element_type=\"widget\" data-widget_type=\"heading.default\">\n\t\t\t\t<div class=\"elementor-widget-container\">\n\t\t\t\t\t<h2 class=\"elementor-heading-title elementor-size-default\">Cursos<\/h2>\t\t\t\t<\/div>\n\t\t\t\t<\/div>\n\t\t\t\t<div class=\"elementor-element elementor-element-d66393c elementor-widget elementor-widget-text-editor\" data-id=\"d66393c\" data-element_type=\"widget\" data-widget_type=\"text-editor.default\">\n\t\t\t\t<div class=\"elementor-widget-container\">\n\t\t\t\t\t\t\t\t\t<p>Bienvenido a la p\u00e1gina de cursos de Gestioo, donde encontrar\u00e1s una amplia selecci\u00f3n de cursos en l\u00ednea para mejorar tus habilidades en el uso del software de gesti\u00f3n para talleres. Desde principiantes hasta usuarios avanzados, tenemos un curso que se adapte a tus necesidades. Cada curso est\u00e1 dise\u00f1ado para ense\u00f1arte los conceptos clave y t\u00e9cnicas pr\u00e1cticas para optimizar el uso de Gestioo.\u00a0<\/p><p><strong>\u00a1No esperes m\u00e1s, elige el curso que mejor se adapte a tus necesidades y comience a ser un experto en Gestioo!<\/strong><\/p>\t\t\t\t\t\t\t\t<\/div>\n\t\t\t\t<\/div>\n\t\t\t\t<div class=\"elementor-element elementor-element-f538569 elementor-widget elementor-widget-heading\" data-id=\"f538569\" data-element_type=\"widget\" data-widget_type=\"heading.default\">\n\t\t\t\t<div class=\"elementor-widget-container\">\n\t\t\t\t\t<h2 class=\"elementor-heading-title elementor-size-default\">Listado de cursos de Gestioo<\/h2>\t\t\t\t<\/div>\n\t\t\t\t<\/div>\n\t\t\t\t\t<\/div>\n\t\t<\/div>\n\t\t\t\t\t<\/div>\n\t\t<\/section>\n\t\t\t\t<section class=\"elementor-section elementor-top-section elementor-element elementor-element-4fc14b9 elementor-section-boxed elementor-section-height-default elementor-section-height-default\" data-id=\"4fc14b9\" data-element_type=\"section\">\n\t\t\t\t\t\t<div class=\"elementor-container elementor-column-gap-default\">\n\t\t\t\t\t<div class=\"elementor-column elementor-col-100 elementor-top-column elementor-element elementor-element-0c68001\" data-id=\"0c68001\" data-element_type=\"column\">\n\t\t\t<div class=\"elementor-widget-wrap\">\n\t\t\t\t\t\t\t<\/div>\n\t\t<\/div>\n\t\t\t\t\t<\/div>\n\t\t<\/section>\n\t\t\t\t<section class=\"elementor-section elementor-top-section elementor-element elementor-element-4d15c71 elementor-section-boxed elementor-section-height-default elementor-section-height-default\" data-id=\"4d15c71\" data-element_type=\"section\">\n\t\t\t\t\t\t<div class=\"elementor-container elementor-column-gap-default\">\n\t\t\t\t\t<div class=\"elementor-column elementor-col-100 elementor-top-column elementor-element elementor-element-d57773a\" data-id=\"d57773a\" data-element_type=\"column\">\n\t\t\t<div class=\"elementor-widget-wrap elementor-element-populated\">\n\t\t\t\t\t\t<div class=\"elementor-element elementor-element-1af528b elementor-widget elementor-widget-text-editor\" data-id=\"1af528b\" data-element_type=\"widget\" data-widget_type=\"text-editor.default\">\n\t\t\t\t<div class=\"elementor-widget-container\">\n\t\t\t\t\t\t\t\t\t<p style=\"text-align: center;\"><small>Todos los materiales publicados en este sitio web de Gestioo est\u00e1n protegidos por los derechos de autor y est\u00e1n sujetos a los t\u00e9rminos y condiciones de uso. La informaci\u00f3n y los materiales contenidos en este sitio son propiedad exclusiva de Gestioo y no pueden ser copiados, distribuidos, transmitidos, exhibidos, publicados o explotados comercialmente sin autorizaci\u00f3n previa por escrito de Gestioo. Cualquier incumplimiento de estos t\u00e9rminos puede resultar en acciones legales.<\/small><\/p>\t\t\t\t\t\t\t\t<\/div>\n\t\t\t\t<\/div>\n\t\t\t\t\t<\/div>\n\t\t<\/div>\n\t\t\t\t\t<\/div>\n\t\t<\/section>\n\t\t\t\t<\/div>\n\t\t","protected":false},"excerpt":{"rendered":"<p>Cursos Bienvenido a la p\u00e1gina de cursos de Gestioo, donde encontrar\u00e1s una amplia selecci\u00f3n de cursos en l\u00ednea para mejorar tus habilidades en el uso del software de gesti\u00f3n para talleres. Desde principiantes hasta usuarios avanzados, tenemos un curso que se adapte a tus necesidades. Cada curso est\u00e1 dise\u00f1ado para ense\u00f1arte los conceptos clave y [&hellip;]<\/p>\n","protected":false},"author":1,"featured_media":0,"parent":0,"menu_order":0,"comment_status":"closed","ping_status":"closed","template":"","meta":{"site-sidebar-layout":"no-sidebar","site-content-layout":"page-builder","ast-site-content-layout":"default","site-content-style":"default","site-sidebar-style":"default","ast-global-header-display":"","ast-banner-title-visibility":"","ast-main-header-display":"","ast-hfb-above-header-display":"","ast-hfb-below-header-display":"","ast-hfb-mobile-header-display":"","site-post-title":"disabled","ast-breadcrumbs-content":"","ast-featured-img":"disabled","footer-sml-layout":"","ast-disable-related-posts":"","theme-transparent-header-meta":"","adv-header-id-meta":"","stick-header-meta":"","header-above-stick-meta":"","header-main-stick-meta":"","header-below-stick-meta":"","astra-migrate-meta-layouts":"default","ast-page-background-enabled":"default","ast-page-background-meta":{"desktop":{"background-color":"","background-image":"","background-repeat":"repeat","background-position":"center center","background-size":"auto","background-attachment":"scroll","background-type":"","background-media":"","overlay-type":"","overlay-color":"","overlay-opacity":"","overlay-gradient":""},"tablet":{"background-color":"","background-image":"","background-repeat":"repeat","background-position":"center center","background-size":"auto","background-attachment":"scroll","background-type":"","background-media":"","overlay-type":"","overlay-color":"","overlay-opacity":"","overlay-gradient":""},"mobile":{"background-color":"","background-image":"","background-repeat":"repeat","background-position":"center center","background-size":"auto","background-attachment":"scroll","background-type":"","background-media":"","overlay-type":"","overlay-color":"","overlay-opacity":"","overlay-gradient":""}},"ast-content-background-meta":{"desktop":{"background-color":"var(--ast-global-color-5)","background-image":"","background-repeat":"repeat","background-position":"center center","background-size":"auto","background-attachment":"scroll","background-type":"","background-media":"","overlay-type":"","overlay-color":"","overlay-opacity":"","overlay-gradient":""},"tablet":{"background-color":"var(--ast-global-color-5)","background-image":"","background-repeat":"repeat","background-position":"center center","background-size":"auto","background-attachment":"scroll","background-type":"","background-media":"","overlay-type":"","overlay-color":"","overlay-opacity":"","overlay-gradient":""},"mobile":{"background-color":"var(--ast-global-color-5)","background-image":"","background-repeat":"repeat","background-position":"center center","background-size":"auto","background-attachment":"scroll","background-type":"","background-media":"","overlay-type":"","overlay-color":"","overlay-opacity":"","overlay-gradient":""}},"footnotes":""},"class_list":["post-25324","page","type-page","status-publish","hentry"],"_links":{"self":[{"href":"https:\/\/academy.gestioo.com\/medicina\/wp-json\/wp\/v2\/pages\/25324","targetHints":{"allow":["GET"]}}],"collection":[{"href":"https:\/\/academy.gestioo.com\/medicina\/wp-json\/wp\/v2\/pages"}],"about":[{"href":"https:\/\/academy.gestioo.com\/medicina\/wp-json\/wp\/v2\/types\/page"}],"author":[{"embeddable":true,"href":"https:\/\/academy.gestioo.com\/medicina\/wp-json\/wp\/v2\/users\/1"}],"replies":[{"embeddable":true,"href":"https:\/\/academy.gestioo.com\/medicina\/wp-json\/wp\/v2\/comments?post=25324"}],"version-history":[{"count":38,"href":"https:\/\/academy.gestioo.com\/medicina\/wp-json\/wp\/v2\/pages\/25324\/revisions"}],"predecessor-version":[{"id":25473,"href":"https:\/\/academy.gestioo.com\/medicina\/wp-json\/wp\/v2\/pages\/25324\/revisions\/25473"}],"wp:attachment":[{"href":"https:\/\/academy.gestioo.com\/medicina\/wp-json\/wp\/v2\/media?parent=25324"}],"curies":[{"name":"wp","href":"https:\/\/api.w.org\/{rel}","templated":true}]}}