{"id":25428,"date":"2023-02-14T13:33:11","date_gmt":"2023-02-14T13:33:11","guid":{"rendered":"https:\/\/academy.gestioo.com\/medicina\/?page_id=25428"},"modified":"2023-02-14T14:39:15","modified_gmt":"2023-02-14T14:39:15","slug":"manuales","status":"publish","type":"page","link":"https:\/\/academy.gestioo.com\/medicina\/manuales\/","title":{"rendered":"Manuales"},"content":{"rendered":"\t\t<div data-elementor-type=\"wp-page\" data-elementor-id=\"25428\" class=\"elementor elementor-25428\" data-elementor-post-type=\"page\">\n\t\t\t\t\t\t<section class=\"elementor-section elementor-top-section elementor-element elementor-element-ad9e094 elementor-section-boxed elementor-section-height-default elementor-section-height-default\" data-id=\"ad9e094\" data-element_type=\"section\">\n\t\t\t\t\t\t<div class=\"elementor-container elementor-column-gap-default\">\n\t\t\t\t\t<div class=\"elementor-column elementor-col-100 elementor-top-column elementor-element elementor-element-ec6357a\" data-id=\"ec6357a\" data-element_type=\"column\">\n\t\t\t<div class=\"elementor-widget-wrap elementor-element-populated\">\n\t\t\t\t\t\t<div class=\"elementor-element elementor-element-39343a5 elementor-widget elementor-widget-heading\" data-id=\"39343a5\" data-element_type=\"widget\" data-widget_type=\"heading.default\">\n\t\t\t\t<div class=\"elementor-widget-container\">\n\t\t\t\t\t<h2 class=\"elementor-heading-title elementor-size-default\">Manuales<\/h2>\t\t\t\t<\/div>\n\t\t\t\t<\/div>\n\t\t\t\t<div class=\"elementor-element elementor-element-bbb78d6 elementor-widget elementor-widget-text-editor\" data-id=\"bbb78d6\" data-element_type=\"widget\" data-widget_type=\"text-editor.default\">\n\t\t\t\t<div class=\"elementor-widget-container\">\n\t\t\t\t\t\t\t\t\t<p>Bienvenido a la p\u00e1gina de manuales de Gestioo. Aqu\u00ed encontrar\u00e1s una amplia variedad de gu\u00edas y tutoriales para ayudarte a aprovechar al m\u00e1ximo las potentes funciones de este software de gesti\u00f3n. Cada manual est\u00e1 dise\u00f1ado para brindarte informaci\u00f3n clara y precisa sobre una funci\u00f3n o proceso espec\u00edfico, y est\u00e1 dise\u00f1ado para ser f\u00e1cil de seguir y comprender. Ya sea que est\u00e9s buscando aprender c\u00f3mo utilizar la plataforma por primera vez o profundizar en sus caracter\u00edsticas avanzadas, aqu\u00ed encontrar\u00e1s el recurso adecuado para ti.<\/p>\n<p><strong> \u00a1Comencemos a descubrir todo lo que Gestioo puede ofrecerte!<\/strong><\/p>\t\t\t\t\t\t\t\t<\/div>\n\t\t\t\t<\/div>\n\t\t\t\t<div class=\"elementor-element elementor-element-6ac82d5 elementor-widget elementor-widget-heading\" data-id=\"6ac82d5\" data-element_type=\"widget\" data-widget_type=\"heading.default\">\n\t\t\t\t<div class=\"elementor-widget-container\">\n\t\t\t\t\t<h2 class=\"elementor-heading-title elementor-size-default\">Listado de manuales de Gestioo<\/h2>\t\t\t\t<\/div>\n\t\t\t\t<\/div>\n\t\t\t\t\t<\/div>\n\t\t<\/div>\n\t\t\t\t\t<\/div>\n\t\t<\/section>\n\t\t\t\t<section class=\"elementor-section elementor-top-section elementor-element elementor-element-a9181ff elementor-section-boxed elementor-section-height-default elementor-section-height-default\" data-id=\"a9181ff\" data-element_type=\"section\">\n\t\t\t\t\t\t<div class=\"elementor-container elementor-column-gap-default\">\n\t\t\t\t\t<div class=\"elementor-column elementor-col-100 elementor-top-column elementor-element elementor-element-9899e28\" data-id=\"9899e28\" data-element_type=\"column\">\n\t\t\t<div class=\"elementor-widget-wrap elementor-element-populated\">\n\t\t\t\t\t\t<div class=\"elementor-element elementor-element-10b292f elementor-widget elementor-widget-betterdocs-search-form\" data-id=\"10b292f\" data-element_type=\"widget\" data-widget_type=\"betterdocs-search-form.default\">\n\t\t\t\t\t<div class=\"betterdocs-search-form-widget-wrapper\"><div class=\"betterdocs-search-modal-layout-1\" id=\"betterdocs-search-modal\" data-placeholder=\"Buscar tema\" data-headingtag=\"h1\" data-subheadingtag=\"p\" data-buttontext=\"Search\" data-numberofdocs=\"5\" data-numberoffaqs=\"5\" data-enable_faq_search=\"1\" data-enable_docs_search=\"1\" data-searchbutton=\"1\"><\/div><\/div>\t\t\t\t<\/div>\n\t\t\t\t\t<\/div>\n\t\t<\/div>\n\t\t\t\t\t<\/div>\n\t\t<\/section>\n\t\t\t\t<section class=\"elementor-section elementor-top-section elementor-element elementor-element-1aab407 elementor-section-boxed elementor-section-height-default elementor-section-height-default\" data-id=\"1aab407\" data-element_type=\"section\">\n\t\t\t\t\t\t<div class=\"elementor-container elementor-column-gap-default\">\n\t\t\t\t\t<div class=\"elementor-column elementor-col-100 elementor-top-column elementor-element elementor-element-9c2d6a7\" data-id=\"9c2d6a7\" data-element_type=\"column\">\n\t\t\t<div class=\"elementor-widget-wrap elementor-element-populated\">\n\t\t\t\t\t\t<div class=\"elementor-element elementor-element-c0e3ff4 elementor-grid-3 elementor-grid-tablet-2 elementor-grid-mobile-1 elementor-widget elementor-widget-betterdocs-category-grid\" data-id=\"c0e3ff4\" data-element_type=\"widget\" data-settings=\"{&quot;grid_column&quot;:&quot;3&quot;,&quot;grid_column_tablet&quot;:&quot;2&quot;,&quot;grid_column_mobile&quot;:&quot;1&quot;}\" data-widget_type=\"betterdocs-category-grid.default\">\n\t\t\t\t\t\n<div\n\tid=\"el-betterdocs-cat-grid-c0e3ff4\" class=\"betterdocs-category-grid-wrapper betterdocs-elementor\">\n\t<div\n\t\tclass=\"betterdocs-category-grid-inner-wrapper betterdocs-category-grid grid layout-flex\" data-layout-mode=\"grid\" data-column_space_desktop=\"\" data-column_space_tab=\"\" data-column_space_mobile=\"\" data-column=\"3\" data-column_desktop=\"3\" data-column_tab=\"2\" data-column_mobile=\"1\">\n\t\t\n<article\n\tdata-id=\"37\" class=\"betterdocs-single-category-wrapper category-grid default\">\n\t<div class=\"betterdocs-single-category-inner\">\n\t\t\n<div class=\"betterdocs-category-header\">\n\t<div class=\"betterdocs-category-header-inner\">\n\t\t\n<div class=\"betterdocs-category-icon\">\n\t<img decoding=\"async\" alt=\"betterdocs-category-icon\" class=\"betterdocs-category-icon-img\" src=\"https:\/\/academy.gestioo.com\/medicina\/wp-content\/plugins\/betterdocs\/assets\/admin\/images\/betterdocs-cat-icon.svg?v=4.2.7\" \/><\/div>\n<h2 class=\"betterdocs-category-title\">Configuraciones generales<\/h2>\n<div data-count=\"1\" class=\"betterdocs-category-items-counts\">\n\t<span>\n\t\t 1 \t<\/span>\n<\/div>\n\t<\/div>\n<\/div>\n<div class=\"betterdocs-body\">\n<ul class=\"betterdocs-articles-list\">\n\t<li><i class=\"far fa-file-alt\"><\/i><a href=\"https:\/\/academy.gestioo.com\/medicina\/docs\/obras-sociales\/\"><span>Obras Sociales<\/span> <\/a><\/li><\/ul>\n<\/div>\t<\/div>\n<\/article>\n\n<article\n\tdata-id=\"35\" class=\"betterdocs-single-category-wrapper category-grid default\">\n\t<div class=\"betterdocs-single-category-inner\">\n\t\t\n<div class=\"betterdocs-category-header\">\n\t<div class=\"betterdocs-category-header-inner\">\n\t\t\n<div class=\"betterdocs-category-icon\">\n\t<img decoding=\"async\" alt=\"betterdocs-category-icon\" class=\"betterdocs-category-icon-img\" src=\"https:\/\/academy.gestioo.com\/medicina\/wp-content\/plugins\/betterdocs\/assets\/admin\/images\/betterdocs-cat-icon.svg?v=4.2.7\" \/><\/div>\n<h2 class=\"betterdocs-category-title\">Introducci\u00f3n a la plataforma<\/h2>\n<div data-count=\"2\" class=\"betterdocs-category-items-counts\">\n\t<span>\n\t\t 2 \t<\/span>\n<\/div>\n\t<\/div>\n<\/div>\n<div class=\"betterdocs-body\">\n<ul class=\"betterdocs-articles-list\">\n\t<li><i class=\"far fa-file-alt\"><\/i><a href=\"https:\/\/academy.gestioo.com\/medicina\/docs\/bienvenida\/\"><span>Bienvenida<\/span> <\/a><\/li><li><i class=\"far fa-file-alt\"><\/i><a href=\"https:\/\/academy.gestioo.com\/medicina\/docs\/la-interfaz\/\"><span>La interfaz<\/span> <\/a><\/li><\/ul>\n<\/div>\t<\/div>\n<\/article>\n\t<\/div>\n\t\t<div class=\"clearfix\"><\/div>\n\t<\/div>\n\t\t\t\t<\/div>\n\t\t\t\t\t<\/div>\n\t\t<\/div>\n\t\t\t\t\t<\/div>\n\t\t<\/section>\n\t\t\t\t<\/div>\n\t\t","protected":false},"excerpt":{"rendered":"<p>Manuales Bienvenido a la p\u00e1gina de manuales de Gestioo. Aqu\u00ed encontrar\u00e1s una amplia variedad de gu\u00edas y tutoriales para ayudarte a aprovechar al m\u00e1ximo las potentes funciones de este software de gesti\u00f3n. Cada manual est\u00e1 dise\u00f1ado para brindarte informaci\u00f3n clara y precisa sobre una funci\u00f3n o proceso espec\u00edfico, y est\u00e1 dise\u00f1ado para ser f\u00e1cil de [&hellip;]<\/p>\n","protected":false},"author":1,"featured_media":0,"parent":0,"menu_order":0,"comment_status":"closed","ping_status":"closed","template":"","meta":{"site-sidebar-layout":"no-sidebar","site-content-layout":"page-builder","ast-site-content-layout":"default","site-content-style":"default","site-sidebar-style":"default","ast-global-header-display":"","ast-banner-title-visibility":"","ast-main-header-display":"","ast-hfb-above-header-display":"","ast-hfb-below-header-display":"","ast-hfb-mobile-header-display":"","site-post-title":"disabled","ast-breadcrumbs-content":"","ast-featured-img":"disabled","footer-sml-layout":"","ast-disable-related-posts":"","theme-transparent-header-meta":"","adv-header-id-meta":"","stick-header-meta":"","header-above-stick-meta":"","header-main-stick-meta":"","header-below-stick-meta":"","astra-migrate-meta-layouts":"default","ast-page-background-enabled":"default","ast-page-background-meta":{"desktop":{"background-color":"","background-image":"","background-repeat":"repeat","background-position":"center center","background-size":"auto","background-attachment":"scroll","background-type":"","background-media":"","overlay-type":"","overlay-color":"","overlay-opacity":"","overlay-gradient":""},"tablet":{"background-color":"","background-image":"","background-repeat":"repeat","background-position":"center center","background-size":"auto","background-attachment":"scroll","background-type":"","background-media":"","overlay-type":"","overlay-color":"","overlay-opacity":"","overlay-gradient":""},"mobile":{"background-color":"","background-image":"","background-repeat":"repeat","background-position":"center center","background-size":"auto","background-attachment":"scroll","background-type":"","background-media":"","overlay-type":"","overlay-color":"","overlay-opacity":"","overlay-gradient":""}},"ast-content-background-meta":{"desktop":{"background-color":"var(--ast-global-color-5)","background-image":"","background-repeat":"repeat","background-position":"center center","background-size":"auto","background-attachment":"scroll","background-type":"","background-media":"","overlay-type":"","overlay-color":"","overlay-opacity":"","overlay-gradient":""},"tablet":{"background-color":"var(--ast-global-color-5)","background-image":"","background-repeat":"repeat","background-position":"center center","background-size":"auto","background-attachment":"scroll","background-type":"","background-media":"","overlay-type":"","overlay-color":"","overlay-opacity":"","overlay-gradient":""},"mobile":{"background-color":"var(--ast-global-color-5)","background-image":"","background-repeat":"repeat","background-position":"center center","background-size":"auto","background-attachment":"scroll","background-type":"","background-media":"","overlay-type":"","overlay-color":"","overlay-opacity":"","overlay-gradient":""}},"footnotes":""},"class_list":["post-25428","page","type-page","status-publish","hentry"],"_links":{"self":[{"href":"https:\/\/academy.gestioo.com\/medicina\/wp-json\/wp\/v2\/pages\/25428","targetHints":{"allow":["GET"]}}],"collection":[{"href":"https:\/\/academy.gestioo.com\/medicina\/wp-json\/wp\/v2\/pages"}],"about":[{"href":"https:\/\/academy.gestioo.com\/medicina\/wp-json\/wp\/v2\/types\/page"}],"author":[{"embeddable":true,"href":"https:\/\/academy.gestioo.com\/medicina\/wp-json\/wp\/v2\/users\/1"}],"replies":[{"embeddable":true,"href":"https:\/\/academy.gestioo.com\/medicina\/wp-json\/wp\/v2\/comments?post=25428"}],"version-history":[{"count":30,"href":"https:\/\/academy.gestioo.com\/medicina\/wp-json\/wp\/v2\/pages\/25428\/revisions"}],"predecessor-version":[{"id":25487,"href":"https:\/\/academy.gestioo.com\/medicina\/wp-json\/wp\/v2\/pages\/25428\/revisions\/25487"}],"wp:attachment":[{"href":"https:\/\/academy.gestioo.com\/medicina\/wp-json\/wp\/v2\/media?parent=25428"}],"curies":[{"name":"wp","href":"https:\/\/api.w.org\/{rel}","templated":true}]}}