{"id":235328,"date":"2025-02-10T17:36:09","date_gmt":"2025-02-10T17:36:09","guid":{"rendered":"https:\/\/academy.gestioo.com\/taller\/?page_id=235328"},"modified":"2025-02-10T19:52:22","modified_gmt":"2025-02-10T19:52:22","slug":"inicio","status":"publish","type":"page","link":"https:\/\/academy.gestioo.com\/taller\/","title":{"rendered":"Portada Nueva"},"content":{"rendered":"<p>[et_pb_section fb_built=\u00bb1&#8243; theme_builder_area=\u00bbpost_content\u00bb _builder_version=\u00bb4.25.1&#8243; _module_preset=\u00bbdefault\u00bb background_color=\u00bb#f4f5f7&#8243; hover_enabled=\u00bb0&#8243; sticky_enabled=\u00bb0&#8243; custom_margin=\u00bb||0px||false|false\u00bb custom_padding=\u00bb||0px||false|false\u00bb][et_pb_row _builder_version=\u00bb4.25.1&#8243; _module_preset=\u00bbdefault\u00bb theme_builder_area=\u00bbpost_content\u00bb custom_margin=\u00bb50px||0px||false|false\u00bb hover_enabled=\u00bb0&#8243; sticky_enabled=\u00bb0&#8243; column_structure=\u00bb1_2,1_2&#8243; width=\u00bb70%\u00bb][et_pb_column _builder_version=\u00bb4.25.1&#8243; _module_preset=\u00bbdefault\u00bb type=\u00bb1_2&#8243; theme_builder_area=\u00bbpost_content\u00bb custom_padding=\u00bb50px||||false|false\u00bb hover_enabled=\u00bb0&#8243; sticky_enabled=\u00bb0&#8243;][et_pb_text _builder_version=\u00bb4.25.1&#8243; _module_preset=\u00bbdefault\u00bb theme_builder_area=\u00bbpost_content\u00bb hover_enabled=\u00bb0&#8243; sticky_enabled=\u00bb0&#8243; header_font_size=\u00bb34px\u00bb header_line_height=\u00bb1.2em\u00bb custom_margin=\u00bb||10px||false|false\u00bb]<\/p>\n<h1><strong>Aprende, mejora y crece<br \/>con <span style=\"color: #0c71c3;\">Gestioo.<\/span><\/strong><\/h1>\n<p>[\/et_pb_text][et_pb_text _builder_version=\u00bb4.25.1&#8243; _module_preset=\u00bbdefault\u00bb theme_builder_area=\u00bbpost_content\u00bb hover_enabled=\u00bb0&#8243; sticky_enabled=\u00bb0&#8243;]<\/p>\n<p>Aqu\u00ed encontrar\u00e1s manuales detallados, cursos y webinars dise\u00f1ados para ayudarte a sacar el m\u00e1ximo provecho de <b>Gestioo<sub><small style=\"font-size:10px;\">\u00ae<\/small><\/sub><\/b>. Aprende a gestionar tu taller o negocio de manera eficiente con nuestras gu\u00edas paso a paso y capacitaciones especializadas.<\/p>\n<p>[\/et_pb_text][et_pb_button button_text=\u00bbManuales\u00bb _builder_version=\u00bb4.25.1&#8243; _module_preset=\u00bbdefault\u00bb theme_builder_area=\u00bbpost_content\u00bb button_url=\u00bbhttps:\/\/academy.gestioo.com\/taller\/manuales\/\u00bb hover_enabled=\u00bb0&#8243; sticky_enabled=\u00bb0&#8243;][\/et_pb_button][et_pb_text _builder_version=\u00bb4.25.1&#8243; _module_preset=\u00bbdefault\u00bb theme_builder_area=\u00bbpost_content\u00bb hover_enabled=\u00bb0&#8243; sticky_enabled=\u00bb0&#8243; header_3_line_height=\u00bb1.4em\u00bb]<\/p>\n<h4>Usa el siguiente buscador para encontrar el contenido que necesitas.<\/h4>\n<p>[\/et_pb_text][\/et_pb_column][et_pb_column _builder_version=\u00bb4.25.1&#8243; _module_preset=\u00bbdefault\u00bb type=\u00bb1_2&#8243; theme_builder_area=\u00bbpost_content\u00bb hover_enabled=\u00bb0&#8243; sticky_enabled=\u00bb0&#8243;][dipl_floating_image _builder_version=\u00bb4.25.1&#8243; _module_preset=\u00bbdefault\u00bb theme_builder_area=\u00bbpost_content\u00bb hover_enabled=\u00bb0&#8243; sticky_enabled=\u00bb0&#8243; floating_container_height=\u00bb500px\u00bb background_color=\u00bbRGBA(255,255,255,0)\u00bb title_text=\u00bbingeniero_tablet\u00bb background_image=\u00bbhttps:\/\/academy.gestioo.com\/taller\/wp-content\/uploads\/2024\/05\/ingeniero_tablet.png\u00bb background_size=\u00bbcontain\u00bb module_class=\u00bbanimacion_principal\u00bb custom_css_free_form=\u00bb.animacion_principal svg {||    fill: red; \/* Cambia esto al color que desees *\/||   stroke: red;||}||\u00bb][dipl_floating_image_item _builder_version=\u00bb4.25.1&#8243; _module_preset=\u00bbdefault\u00bb theme_builder_area=\u00bbpost_content\u00bb title_text=\u00bbcofia\u00bb image=\u00bbhttps:\/\/academy.gestioo.com\/taller\/wp-content\/uploads\/2025\/02\/cofia.svg\u00bb width=\u00bb13%\u00bb horizontal_align=\u00bb11%\u00bb vertical_align=\u00bb5%\u00bb hover_enabled=\u00bb0&#8243; sticky_enabled=\u00bb0&#8243; image_alt=\u00bbCofia\u00bb width_last_edited=\u00bbon|tablet\u00bb width_tablet=\u00bb17%\u00bb horizontal_align_last_edited=\u00bbon|tablet\u00bb vertical_align_last_edited=\u00bbon|tablet\u00bb horizontal_align_tablet=\u00bb8%\u00bb width_phone=\u00bb20%\u00bb horizontal_align_phone=\u00bb4%\u00bb vertical_align_phone=\u00bb9%\u00bb vertical_align_tablet=\u00bb5%\u00bb][\/dipl_floating_image_item][dipl_floating_image_item _builder_version=\u00bb4.25.1&#8243; _module_preset=\u00bbdefault\u00bb theme_builder_area=\u00bbpost_content\u00bb title_text=\u00bblibro\u00bb image=\u00bbhttps:\/\/academy.gestioo.com\/taller\/wp-content\/uploads\/2025\/02\/libro.svg\u00bb width=\u00bb13%\u00bb horizontal_align=\u00bb85%\u00bb vertical_align=\u00bb26%\u00bb floatingimage_delay=\u00bb2000ms\u00bb hover_enabled=\u00bb0&#8243; sticky_enabled=\u00bb0&#8243; image_alt=\u00bbLibro\u00bb width_last_edited=\u00bbon|tablet\u00bb width_tablet=\u00bb16%\u00bb horizontal_align_last_edited=\u00bbon|tablet\u00bb vertical_align_last_edited=\u00bbon|tablet\u00bb horizontal_align_tablet=\u00bb89%\u00bb vertical_align_tablet=\u00bb39%\u00bb width_phone=\u00bb18%\u00bb horizontal_align_phone=\u00bb91%\u00bb vertical_align_phone=\u00bb33%\u00bb][\/dipl_floating_image_item][dipl_floating_image_item _builder_version=\u00bb4.25.1&#8243; _module_preset=\u00bbdefault\u00bb theme_builder_area=\u00bbpost_content\u00bb title_text=\u00bbyoutube\u00bb image=\u00bbhttps:\/\/academy.gestioo.com\/taller\/wp-content\/uploads\/2025\/02\/youtube.svg\u00bb width=\u00bb11%\u00bb horizontal_align=\u00bb3%\u00bb vertical_align=\u00bb44%\u00bb hover_enabled=\u00bb0&#8243; sticky_enabled=\u00bb0&#8243; image_alt=\u00bbYoutube\u00bb floatingimage_delay=\u00bb4000ms\u00bb horizontal_align_last_edited=\u00bbon|tablet\u00bb vertical_align_last_edited=\u00bbon|tablet\u00bb width_last_edited=\u00bbon|tablet\u00bb width_tablet=\u00bb15%\u00bb horizontal_align_tablet=\u00bb-2%\u00bb width_phone=\u00bb20%\u00bb vertical_align_phone=\u00bb28%\u00bb horizontal_align_phone=\u00bb-2%\u00bb vertical_align_tablet=\u00bb44%\u00bb][\/dipl_floating_image_item][dipl_floating_image_item _builder_version=\u00bb4.25.1&#8243; _module_preset=\u00bbdefault\u00bb theme_builder_area=\u00bbpost_content\u00bb title_text=\u00bbchat\u00bb image=\u00bbhttps:\/\/academy.gestioo.com\/taller\/wp-content\/uploads\/2025\/02\/chat.svg\u00bb width=\u00bb10%\u00bb horizontal_align=\u00bb69%\u00bb hover_enabled=\u00bb0&#8243; sticky_enabled=\u00bb0&#8243; image_alt=\u00bbMensajes\u00bb floatingimage_delay=\u00bb4000ms\u00bb vertical_align=\u00bb-7%\u00bb horizontal_align_last_edited=\u00bbon|tablet\u00bb vertical_align_last_edited=\u00bbon|tablet\u00bb width_last_edited=\u00bbon|tablet\u00bb width_tablet=\u00bb14%\u00bb horizontal_align_tablet=\u00bb68%\u00bb vertical_align_tablet=\u00bb10%\u00bb width_phone=\u00bb18%\u00bb horizontal_align_phone=\u00bb76%\u00bb vertical_align_phone=\u00bb14%\u00bb][\/dipl_floating_image_item][\/dipl_floating_image][\/et_pb_column][\/et_pb_row][\/et_pb_section][et_pb_section fb_built=\u00bb1&#8243; _builder_version=\u00bb4.25.1&#8243; _module_preset=\u00bbdefault\u00bb hover_enabled=\u00bb0&#8243; global_colors_info=\u00bb{}\u00bb sticky_enabled=\u00bb0&#8243; locked=\u00bboff\u00bb theme_builder_area=\u00bbpost_content\u00bb][et_pb_row _builder_version=\u00bb4.25.1&#8243; _module_preset=\u00bbdefault\u00bb z_index=\u00bb10&#8243; custom_margin=\u00bb||||false|false\u00bb hover_enabled=\u00bb0&#8243; global_colors_info=\u00bb{}\u00bb theme_builder_area=\u00bbpost_content\u00bb sticky_enabled=\u00bb0&#8243;][et_pb_column type=\u00bb4_4&#8243; _builder_version=\u00bb4.25.1&#8243; _module_preset=\u00bbdefault\u00bb global_colors_info=\u00bb{}\u00bb theme_builder_area=\u00bbpost_content\u00bb][et_pb_text _builder_version=\u00bb4.25.1&#8243; _module_preset=\u00bbdefault\u00bb background_color=\u00bb#FFFFFF\u00bb custom_margin=\u00bb-130px||||false|false\u00bb custom_padding=\u00bb20px|20px|20px|20px|true|true\u00bb hover_enabled=\u00bb0&#8243; border_radii=\u00bbon|20px|20px|20px|20px\u00bb box_shadow_style=\u00bbpreset1&#8243; box_shadow_vertical=\u00bb10px\u00bb box_shadow_blur=\u00bb45px\u00bb box_shadow_color=\u00bbrgba(142,74,181,0.19)\u00bb global_colors_info=\u00bb{}\u00bb theme_builder_area=\u00bbpost_content\u00bb sticky_enabled=\u00bb0&#8243; custom_css_free_form=\u00bb.betterdocs-searchform {||  padding: 10px !important;||}||.betterdocs-searchform .search-submit {||  padding: 10px 15px!important;||  font-size: 18px;||\tletter-spacing: 1px;||}\u00bb]<\/p>\n<div class=\"betterdocs-live-search\">\n\t\n\t<form class=\"betterdocs-searchform betterdocs-advance-searchform\">\n\t\t<div class=\"betterdocs-searchform-input-wrap\">\n\t\t\t<svg class=\"docs-search-icon\" xmlns=\"http:\/\/www.w3.org\/2000\/svg\" xmlns:xlink=\"http:\/\/www.w3.org\/1999\/xlink\" width=\"38px\" viewBox=\"0 0 50 50\" version=\"1.1\">\n\t\t\t\t<g id=\"surface1\">\n\t\t\t\t\t<path d=\"M 21 3 C 11.601563 3 4 10.601563 4 20 C 4 29.398438 11.601563 37 21 37 C 24.355469 37 27.460938 36.015625 30.09375 34.34375 L 42.375 46.625 L 46.625 42.375 L 34.5 30.28125 C 36.679688 27.421875 38 23.878906 38 20 C 38 10.601563 30.398438 3 21 3 Z M 21 7 C 28.199219 7 34 12.800781 34 20 C 34 27.199219 28.199219 33 21 33 C 13.800781 33 8 27.199219 8 20 C 8 12.800781 13.800781 7 21 7 Z \"><\/path>\n\t\t\t\t<\/g>\n\t\t\t<\/svg>\n\t\t\t<input type=\"text\" class=\"betterdocs-search-field\" name=\"s\" aria-label=\"Search Input\" placeholder=\"Tema a buscar...\" autocomplete=\"off\" value=\"\">\n\t\t\t<svg class=\"docs-search-loader\" width=\"38\" height=\"38\" viewBox=\"0 0 38 38\" xmlns=\"http:\/\/www.w3.org\/2000\/svg\" stroke=\"#444b54\">\n\t\t\t\t<g fill=\"none\" fill-rule=\"evenodd\">\n\t\t\t\t\t<g transform=\"translate(1 1)\" stroke-width=\"2\">\n\t\t\t\t\t\t<circle stroke-opacity=\".5\" cx=\"18\" cy=\"18\" r=\"18\" \/>\n\t\t\t\t\t\t<path d=\"M36 18c0-9.94-8.06-18-18-18\">\n\t\t\t\t\t\t\t<animateTransform attributeName=\"transform\" type=\"rotate\" from=\"0 18 18\" to=\"360 18 18\" dur=\"1s\" repeatCount=\"indefinite\" \/>\n\t\t\t\t\t\t<\/path>\n\t\t\t\t\t<\/g>\n\t\t\t\t<\/g>\n\t\t\t<\/svg>\n\t\t\t<svg class=\"docs-search-close\" xmlns=\"http:\/\/www.w3.org\/2000\/svg\" width=\"38px\" viewBox=\"0 0 128 128\">\n\t\t\t\t<path fill=\"#fff\" d=\"M64 14A50 50 0 1 0 64 114A50 50 0 1 0 64 14Z\" transform=\"rotate(-45.001 64 64.001)\"><\/path>\n\t\t\t\t<path class=\"close-border\" d=\"M64,117c-14.2,0-27.5-5.5-37.5-15.5c-20.7-20.7-20.7-54.3,0-75C36.5,16.5,49.8,11,64,11c14.2,0,27.5,5.5,37.5,15.5c10,10,15.5,23.3,15.5,37.5s-5.5,27.5-15.5,37.5C91.5,111.5,78.2,117,64,117z M64,17c-12.6,0-24.4,4.9-33.2,13.8c-18.3,18.3-18.3,48.1,0,66.5C39.6,106.1,51.4,111,64,111c12.6,0,24.4-4.9,33.2-13.8S111,76.6,111,64s-4.9-24.4-13.8-33.2S76.6,17,64,17z\"><\/path>\n\t\t\t\t<path class=\"close-line\" d=\"M53.4,77.6c-0.8,0-1.5-0.3-2.1-0.9c-1.2-1.2-1.2-3.1,0-4.2l21.2-21.2c1.2-1.2,3.1-1.2,4.2,0c1.2,1.2,1.2,3.1,0,4.2L55.5,76.7C54.9,77.3,54.2,77.6,53.4,77.6z\"><\/path>\n\t\t\t\t<path class=\"close-line\" d=\"M74.6,77.6c-0.8,0-1.5-0.3-2.1-0.9L51.3,55.5c-1.2-1.2-1.2-3.1,0-4.2c1.2-1.2,3.1-1.2,4.2,0l21.2,21.2c1.2,1.2,1.2,3.1,0,4.2C76.1,77.3,75.4,77.6,74.6,77.6z\"><\/path>\n\t\t\t<\/svg>\n\t\t<\/div>\n\n\t\t<select\n        class=\"betterdocs-search-category\"\n        id=\"betterdocs-search-category\"\n        aria-label=\"Select a category\">\n        <option value=\"\">All Categories<\/option>\n        <option value=\"gestioo-area-cliente\">Gesti\u00f3n del \u00e1rea cliente<\/option><option value=\"introduccion\">Introducci\u00f3n a la plataforma<\/option><option value=\"integraciones\">Integraciones<\/option><option value=\"configuracion-taller\">Configuraci\u00f3n (Taller)<\/option><option value=\"whatsapp-sms\">SMS \/ WhatsApp<\/option><option value=\"configuracion-arca\">Configuraci\u00f3n (Arca)<\/option><option value=\"centro-de-servicios\">Centro de Servicios<\/option><option value=\"ordenes-de-trabajo\">\u00d3rdenes de trabajo<\/option><option value=\"stock\">Stock<\/option><option value=\"cotizaciones\">Cotizaciones<\/option><option value=\"configuracion-de-taller\">Configuraci\u00f3n de taller<\/option><option value=\"arca-argentina\">ARCA (Argentina)<\/option><option value=\"sistema\">Sistema<\/option>\n    <\/select><input\n        class=\"search-submit\"\n        type=\"submit\"\n        value=\"Buscar\"\n        aria-label=\"Submit search\">\t\t<input type=\"hidden\" value=\"Search\" aria-label=\"Search Submit\" class=\"betterdocs-search-submit\" \/>\n\t<\/form>\n\n\t<\/div>\n\n<p>[\/et_pb_text][\/et_pb_column][\/et_pb_row][\/et_pb_section][et_pb_section fb_built=\u00bb1&#8243; theme_builder_area=\u00bbpost_content\u00bb _builder_version=\u00bb4.25.1&#8243; _module_preset=\u00bbdefault\u00bb][et_pb_row _builder_version=\u00bb4.25.1&#8243; _module_preset=\u00bbdefault\u00bb theme_builder_area=\u00bbpost_content\u00bb column_structure=\u00bb1_2,1_2&#8243;][et_pb_column _builder_version=\u00bb4.25.1&#8243; _module_preset=\u00bbdefault\u00bb type=\u00bb1_2&#8243; theme_builder_area=\u00bbpost_content\u00bb][\/et_pb_column][et_pb_column _builder_version=\u00bb4.25.1&#8243; _module_preset=\u00bbdefault\u00bb type=\u00bb1_2&#8243; theme_builder_area=\u00bbpost_content\u00bb][\/et_pb_column][\/et_pb_row][\/et_pb_section]<\/p>\n","protected":false},"excerpt":{"rendered":"<p>Aprende, mejora y crececon Gestioo.Aqu\u00ed encontrar\u00e1s manuales detallados, cursos y webinars dise\u00f1ados para ayudarte a sacar el m\u00e1ximo provecho de (Gestioo). Aprende a gestionar tu taller o negocio de manera eficiente con nuestras gu\u00edas paso a paso y capacitaciones especializadas.Usa el siguiente buscador para encontrar el contenido que necesitas.[dipl_floating_image _builder_version=\u00bb4.25.1&#8243; _module_preset=\u00bbdefault\u00bb theme_builder_area=\u00bbpost_content\u00bb hover_enabled=\u00bb0&#8243; sticky_enabled=\u00bb0&#8243; floating_container_height=\u00bb500px\u00bb [&hellip;]<\/p>\n","protected":false},"author":1,"featured_media":0,"parent":0,"menu_order":0,"comment_status":"closed","ping_status":"closed","template":"","meta":{"_et_pb_use_builder":"on","_et_pb_old_content":"","_et_gb_content_width":"","inline_featured_image":false,"footnotes":""},"class_list":["post-235328","page","type-page","status-publish","hentry"],"_links":{"self":[{"href":"https:\/\/academy.gestioo.com\/taller\/wp-json\/wp\/v2\/pages\/235328","targetHints":{"allow":["GET"]}}],"collection":[{"href":"https:\/\/academy.gestioo.com\/taller\/wp-json\/wp\/v2\/pages"}],"about":[{"href":"https:\/\/academy.gestioo.com\/taller\/wp-json\/wp\/v2\/types\/page"}],"author":[{"embeddable":true,"href":"https:\/\/academy.gestioo.com\/taller\/wp-json\/wp\/v2\/users\/1"}],"replies":[{"embeddable":true,"href":"https:\/\/academy.gestioo.com\/taller\/wp-json\/wp\/v2\/comments?post=235328"}],"version-history":[{"count":38,"href":"https:\/\/academy.gestioo.com\/taller\/wp-json\/wp\/v2\/pages\/235328\/revisions"}],"predecessor-version":[{"id":306503,"href":"https:\/\/academy.gestioo.com\/taller\/wp-json\/wp\/v2\/pages\/235328\/revisions\/306503"}],"wp:attachment":[{"href":"https:\/\/academy.gestioo.com\/taller\/wp-json\/wp\/v2\/media?parent=235328"}],"curies":[{"name":"wp","href":"https:\/\/api.w.org\/{rel}","templated":true}]}}